{"id":21,"date":"2018-09-13T19:00:00","date_gmt":"2018-09-13T19:00:00","guid":{"rendered":"https:\/\/hansarmp.ee\/?page_id=21"},"modified":"2018-09-21T19:30:12","modified_gmt":"2018-09-21T19:30:12","slug":"kampaaniad","status":"publish","type":"page","link":"https:\/\/hansarmp.ee\/et\/kampaaniad\/","title":{"rendered":"Kampaaniad"},"content":{"rendered":"\t\t<div data-elementor-type=\"wp-page\" data-elementor-id=\"21\" class=\"elementor elementor-21 elementor-bc-flex-widget\" data-elementor-post-type=\"page\">\n\t\t\t\t\t\t<section class=\"elementor-section elementor-top-section elementor-element elementor-element-5b7d77ec elementor-section-boxed elementor-section-height-default elementor-section-height-default\" data-id=\"5b7d77ec\" data-element_type=\"section\">\n\t\t\t\t\t\t<div class=\"elementor-container elementor-column-gap-default\">\n\t\t\t\t\t<div class=\"elementor-column elementor-col-100 elementor-top-column elementor-element elementor-element-72c50647\" data-id=\"72c50647\" data-element_type=\"column\">\n\t\t\t<div class=\"elementor-widget-wrap elementor-element-populated\">\n\t\t\t\t\t\t<div class=\"elementor-element elementor-element-b4d62eb elementor-widget elementor-widget-text-editor\" data-id=\"b4d62eb\" data-element_type=\"widget\" data-widget_type=\"text-editor.default\">\n\t\t\t\t<div class=\"elementor-widget-container\">\n\t\t\t\t\t\t\t<h1>Kampaaniad<\/h1><p><span style=\"color: #ff0000;\">Uuele p\u00fcsikliendile 2 kuud tasuta!!!<\/span><\/p><p>Soodustus kehtib k\u00f5igile uutele p\u00fcsklientidele.<\/p><p>K\u00fcsi pakkumist aadressil info@hansarmp.ee. Teeme Teile pakkumise t\u00f6\u00f6p\u00e4eva jooksul.<\/p><p>Edu ja koost\u00f6\u00f6d soovides,<br \/>O\u00dc Hansa RMP<\/p>\t\t\t\t\t\t<\/div>\n\t\t\t\t<\/div>\n\t\t\t\t\t<\/div>\n\t\t<\/div>\n\t\t\t\t\t<\/div>\n\t\t<\/section>\n\t\t\t\t<\/div>\n\t\t","protected":false},"excerpt":{"rendered":"<p>Kampaaniad Uuele p\u00fcsikliendile 2 kuud tasuta!!! Soodustus kehtib k\u00f5igile uutele p\u00fcsklientidele. K\u00fcsi pakkumist aadressil info@hansarmp.ee. Teeme Teile pakkumise t\u00f6\u00f6p\u00e4eva jooksul. Edu ja koost\u00f6\u00f6d soovides,O\u00dc Hansa RMP<\/p>\n","protected":false},"author":1,"featured_media":0,"parent":0,"menu_order":0,"comment_status":"closed","ping_status":"closed","template":"","meta":{"footnotes":""},"class_list":["post-21","page","type-page","status-publish","hentry","wpbf-post"],"_links":{"self":[{"href":"https:\/\/hansarmp.ee\/et\/wp-json\/wp\/v2\/pages\/21","targetHints":{"allow":["GET"]}}],"collection":[{"href":"https:\/\/hansarmp.ee\/et\/wp-json\/wp\/v2\/pages"}],"about":[{"href":"https:\/\/hansarmp.ee\/et\/wp-json\/wp\/v2\/types\/page"}],"author":[{"embeddable":true,"href":"https:\/\/hansarmp.ee\/et\/wp-json\/wp\/v2\/users\/1"}],"replies":[{"embeddable":true,"href":"https:\/\/hansarmp.ee\/et\/wp-json\/wp\/v2\/comments?post=21"}],"version-history":[{"count":3,"href":"https:\/\/hansarmp.ee\/et\/wp-json\/wp\/v2\/pages\/21\/revisions"}],"predecessor-version":[{"id":182,"href":"https:\/\/hansarmp.ee\/et\/wp-json\/wp\/v2\/pages\/21\/revisions\/182"}],"wp:attachment":[{"href":"https:\/\/hansarmp.ee\/et\/wp-json\/wp\/v2\/media?parent=21"}],"curies":[{"name":"wp","href":"https:\/\/api.w.org\/{rel}","templated":true}]}}